{"id":17,"date":"2020-04-23T10:19:05","date_gmt":"2020-04-23T08:19:05","guid":{"rendered":"http:\/\/eurobau.com.pl\/?page_id=17"},"modified":"2020-05-27T12:07:52","modified_gmt":"2020-05-27T10:07:52","slug":"opis-technologii","status":"publish","type":"page","link":"https:\/\/eurobau.com.pl\/index.php\/opis-technologii\/","title":{"rendered":"Opis technologii"},"content":{"rendered":"\t\t<div data-elementor-type=\"wp-page\" data-elementor-id=\"17\" class=\"elementor elementor-17\" data-elementor-post-type=\"page\">\n\t\t\t\t\t\t<section class=\"elementor-section elementor-top-section elementor-element elementor-element-31d4eac elementor-section-boxed elementor-section-height-default elementor-section-height-default\" data-id=\"31d4eac\" data-element_type=\"section\" data-settings=\"{&quot;background_background&quot;:&quot;classic&quot;}\">\n\t\t\t\t\t\t\t<div class=\"elementor-background-overlay\"><\/div>\n\t\t\t\t\t\t\t<div class=\"elementor-container elementor-column-gap-default\">\n\t\t\t\t\t<div class=\"elementor-column elementor-col-100 elementor-top-column elementor-element elementor-element-31199ec\" data-id=\"31199ec\" data-element_type=\"column\">\n\t\t\t<div class=\"elementor-widget-wrap elementor-element-populated\">\n\t\t\t\t\t\t<div class=\"elementor-element elementor-element-58ee219 elementor-widget elementor-widget-spacer\" data-id=\"58ee219\" data-element_type=\"widget\" data-widget_type=\"spacer.default\">\n\t\t\t\t<div class=\"elementor-widget-container\">\n\t\t\t\t\t\t\t<div class=\"elementor-spacer\">\n\t\t\t<div class=\"elementor-spacer-inner\"><\/div>\n\t\t<\/div>\n\t\t\t\t\t\t<\/div>\n\t\t\t\t<\/div>\n\t\t\t\t<div class=\"elementor-element elementor-element-86d3422 elementor-widget elementor-widget-heading\" data-id=\"86d3422\" data-element_type=\"widget\" data-widget_type=\"heading.default\">\n\t\t\t\t<div class=\"elementor-widget-container\">\n\t\t\t\t\t<h2 class=\"elementor-heading-title elementor-size-default\">OPIS TECHNOLOGII<\/h2>\t\t\t\t<\/div>\n\t\t\t\t<\/div>\n\t\t\t\t<div class=\"elementor-element elementor-element-fe851c9 elementor-widget elementor-widget-spacer\" data-id=\"fe851c9\" data-element_type=\"widget\" data-widget_type=\"spacer.default\">\n\t\t\t\t<div class=\"elementor-widget-container\">\n\t\t\t\t\t\t\t<div class=\"elementor-spacer\">\n\t\t\t<div class=\"elementor-spacer-inner\"><\/div>\n\t\t<\/div>\n\t\t\t\t\t\t<\/div>\n\t\t\t\t<\/div>\n\t\t\t\t\t<\/div>\n\t\t<\/div>\n\t\t\t\t\t<\/div>\n\t\t<\/section>\n\t\t\t\t<section class=\"elementor-section elementor-top-section elementor-element elementor-element-769ebf0 elementor-section-boxed elementor-section-height-default elementor-section-height-default\" data-id=\"769ebf0\" data-element_type=\"section\" data-settings=\"{&quot;background_background&quot;:&quot;gradient&quot;}\">\n\t\t\t\t\t\t<div class=\"elementor-container elementor-column-gap-default\">\n\t\t\t\t\t<div class=\"elementor-column elementor-col-100 elementor-top-column elementor-element elementor-element-8f94b4b\" data-id=\"8f94b4b\" data-element_type=\"column\">\n\t\t\t<div class=\"elementor-widget-wrap elementor-element-populated\">\n\t\t\t\t\t\t<div class=\"elementor-element elementor-element-adb5166 elementor-widget elementor-widget-spacer\" data-id=\"adb5166\" data-element_type=\"widget\" data-widget_type=\"spacer.default\">\n\t\t\t\t<div class=\"elementor-widget-container\">\n\t\t\t\t\t\t\t<div class=\"elementor-spacer\">\n\t\t\t<div class=\"elementor-spacer-inner\"><\/div>\n\t\t<\/div>\n\t\t\t\t\t\t<\/div>\n\t\t\t\t<\/div>\n\t\t\t\t<div class=\"elementor-element elementor-element-3c39ea4 elementor-widget elementor-widget-heading\" data-id=\"3c39ea4\" data-element_type=\"widget\" data-widget_type=\"heading.default\">\n\t\t\t\t<div class=\"elementor-widget-container\">\n\t\t\t\t\t<h2 class=\"elementor-heading-title elementor-size-default\">Technologia<\/h2>\t\t\t\t<\/div>\n\t\t\t\t<\/div>\n\t\t\t\t<div class=\"elementor-element elementor-element-56bbca3 elementor-widget elementor-widget-spacer\" data-id=\"56bbca3\" data-element_type=\"widget\" data-widget_type=\"spacer.default\">\n\t\t\t\t<div class=\"elementor-widget-container\">\n\t\t\t\t\t\t\t<div class=\"elementor-spacer\">\n\t\t\t<div class=\"elementor-spacer-inner\"><\/div>\n\t\t<\/div>\n\t\t\t\t\t\t<\/div>\n\t\t\t\t<\/div>\n\t\t\t\t\t<\/div>\n\t\t<\/div>\n\t\t\t\t\t<\/div>\n\t\t<\/section>\n\t\t\t\t<section class=\"elementor-section elementor-top-section elementor-element elementor-element-57006de elementor-section-boxed elementor-section-height-default elementor-section-height-default\" data-id=\"57006de\" data-element_type=\"section\" data-settings=\"{&quot;background_background&quot;:&quot;classic&quot;}\">\n\t\t\t\t\t\t<div class=\"elementor-container elementor-column-gap-no\">\n\t\t\t\t\t<div class=\"elementor-column elementor-col-100 elementor-top-column elementor-element elementor-element-3e8a633\" data-id=\"3e8a633\" data-element_type=\"column\">\n\t\t\t<div class=\"elementor-widget-wrap elementor-element-populated\">\n\t\t\t\t\t\t<div class=\"elementor-element elementor-element-e14e34d elementor-widget elementor-widget-spacer\" data-id=\"e14e34d\" data-element_type=\"widget\" data-widget_type=\"spacer.default\">\n\t\t\t\t<div class=\"elementor-widget-container\">\n\t\t\t\t\t\t\t<div class=\"elementor-spacer\">\n\t\t\t<div class=\"elementor-spacer-inner\"><\/div>\n\t\t<\/div>\n\t\t\t\t\t\t<\/div>\n\t\t\t\t<\/div>\n\t\t\t\t<div class=\"elementor-element elementor-element-4572e8a elementor-widget elementor-widget-image\" data-id=\"4572e8a\" data-element_type=\"widget\" data-widget_type=\"image.default\">\n\t\t\t\t<div class=\"elementor-widget-container\">\n\t\t\t\t\t\t\t\t\t\t\t\t\t\t\t<img fetchpriority=\"high\" decoding=\"async\" width=\"1024\" height=\"64\" src=\"https:\/\/eurobau.com.pl\/wp-content\/uploads\/2020\/05\/home-logo-shadow-1024x64.png\" class=\"attachment-large size-large wp-image-351\" alt=\"\" srcset=\"https:\/\/eurobau.com.pl\/wp-content\/uploads\/2020\/05\/home-logo-shadow-1024x64.png 1024w, https:\/\/eurobau.com.pl\/wp-content\/uploads\/2020\/05\/home-logo-shadow-300x19.png 300w, https:\/\/eurobau.com.pl\/wp-content\/uploads\/2020\/05\/home-logo-shadow-768x48.png 768w, https:\/\/eurobau.com.pl\/wp-content\/uploads\/2020\/05\/home-logo-shadow.png 1800w\" sizes=\"(max-width: 1024px) 100vw, 1024px\" \/>\t\t\t\t\t\t\t\t\t\t\t\t\t\t\t<\/div>\n\t\t\t\t<\/div>\n\t\t\t\t\t<\/div>\n\t\t<\/div>\n\t\t\t\t\t<\/div>\n\t\t<\/section>\n\t\t\t\t<section class=\"elementor-section elementor-top-section elementor-element elementor-element-d4498a5 elementor-section-boxed elementor-section-height-default elementor-section-height-default\" data-id=\"d4498a5\" data-element_type=\"section\">\n\t\t\t\t\t\t<div class=\"elementor-container elementor-column-gap-default\">\n\t\t\t\t\t<div class=\"elementor-column elementor-col-100 elementor-top-column elementor-element elementor-element-fd6af20 elementor-invisible\" data-id=\"fd6af20\" data-element_type=\"column\" data-settings=\"{&quot;animation&quot;:&quot;fadeInLeft&quot;}\">\n\t\t\t<div class=\"elementor-widget-wrap elementor-element-populated\">\n\t\t\t\t\t\t<div class=\"elementor-element elementor-element-e670476 elementor-widget elementor-widget-text-editor\" data-id=\"e670476\" data-element_type=\"widget\" data-widget_type=\"text-editor.default\">\n\t\t\t\t<div class=\"elementor-widget-container\">\n\t\t\t\t\t\t\t\t\t<p>Komfort u\u017cytkowania oraz bardzo wa\u017cna trwa\u0142o\u015b\u0107 konstrukcji dachu p\u0142askiego uzale\u017cniona jest od zr\u00f3\u017cnicowanych czynnik\u00f3w. G\u0142\u00f3wnymi czynnikami warunkuj\u0105cymi bezpieczne u\u017cytkowanie dachu jest odpowiednie umiejscowienie izolacji przeciwwodnej i cieplnej. Na dachach p\u0142askich, o tradycyjnej konstrukcji, izolacja termiczna jest u\u0142o\u017cona bezpo\u015brednio na p\u0142ycie konstrukcyjnej stropu i przykryta warstw\u0105 izolacji przeciwwodnej. Poprzez odizolowanie tej warstwy od reszty konstrukcji istnieje du\u017ce prawdopodobie\u0144stwo nara\u017cenia na wahania temperatury. Skutkiem tego jest du\u017ce ryzyko przedwczesnego zniszczenia konstrukcji. Konstrukcj\u0119 dachu nale\u017cy oddzieli\u0107 od izolacji termicznej foli\u0105 paroizolacyjn\u0105, w celu niedopuszczenia do kondensacji pary wodnej. Brak takiego zabezpieczenia prowadzi po pewnym czasie do zniszczenia wierzchniej warstwy. Jednym ze sposob\u00f3w wyeliminowania powy\u017cszych trudno\u015bci jest zastosowanie rozwi\u0105zania dost\u0119pnego w ofercie naszej firmy.<\/p>\t\t\t\t\t\t\t\t<\/div>\n\t\t\t\t<\/div>\n\t\t\t\t<div class=\"elementor-element elementor-element-8c93f3d elementor-widget elementor-widget-spacer\" data-id=\"8c93f3d\" data-element_type=\"widget\" data-widget_type=\"spacer.default\">\n\t\t\t\t<div class=\"elementor-widget-container\">\n\t\t\t\t\t\t\t<div class=\"elementor-spacer\">\n\t\t\t<div class=\"elementor-spacer-inner\"><\/div>\n\t\t<\/div>\n\t\t\t\t\t\t<\/div>\n\t\t\t\t<\/div>\n\t\t\t\t\t<\/div>\n\t\t<\/div>\n\t\t\t\t\t<\/div>\n\t\t<\/section>\n\t\t\t\t<section class=\"elementor-section elementor-top-section elementor-element elementor-element-f76806b elementor-section-boxed elementor-section-height-default elementor-section-height-default\" data-id=\"f76806b\" data-element_type=\"section\">\n\t\t\t\t\t\t<div class=\"elementor-container elementor-column-gap-default\">\n\t\t\t\t\t<div class=\"elementor-column elementor-col-100 elementor-top-column elementor-element elementor-element-05bf46e\" data-id=\"05bf46e\" data-element_type=\"column\">\n\t\t\t<div class=\"elementor-widget-wrap elementor-element-populated\">\n\t\t\t\t\t\t<div class=\"elementor-element elementor-element-62ba28a elementor-widget elementor-widget-image\" data-id=\"62ba28a\" data-element_type=\"widget\" data-widget_type=\"image.default\">\n\t\t\t\t<div class=\"elementor-widget-container\">\n\t\t\t\t\t\t\t\t\t\t\t\t\t\t\t<img fetchpriority=\"high\" decoding=\"async\" width=\"1024\" height=\"64\" src=\"https:\/\/eurobau.com.pl\/wp-content\/uploads\/2020\/05\/home-logo-shadow-1024x64.png\" class=\"attachment-large size-large wp-image-351\" alt=\"\" srcset=\"https:\/\/eurobau.com.pl\/wp-content\/uploads\/2020\/05\/home-logo-shadow-1024x64.png 1024w, https:\/\/eurobau.com.pl\/wp-content\/uploads\/2020\/05\/home-logo-shadow-300x19.png 300w, https:\/\/eurobau.com.pl\/wp-content\/uploads\/2020\/05\/home-logo-shadow-768x48.png 768w, https:\/\/eurobau.com.pl\/wp-content\/uploads\/2020\/05\/home-logo-shadow.png 1800w\" sizes=\"(max-width: 1024px) 100vw, 1024px\" \/>\t\t\t\t\t\t\t\t\t\t\t\t\t\t\t<\/div>\n\t\t\t\t<\/div>\n\t\t\t\t\t<\/div>\n\t\t<\/div>\n\t\t\t\t\t<\/div>\n\t\t<\/section>\n\t\t\t\t<section class=\"elementor-section elementor-top-section elementor-element elementor-element-1112ba4 elementor-section-boxed elementor-section-height-default elementor-section-height-default\" data-id=\"1112ba4\" data-element_type=\"section\">\n\t\t\t\t\t\t<div class=\"elementor-container elementor-column-gap-default\">\n\t\t\t\t\t<div class=\"elementor-column elementor-col-100 elementor-top-column elementor-element elementor-element-af6ede1\" data-id=\"af6ede1\" data-element_type=\"column\">\n\t\t\t<div class=\"elementor-widget-wrap elementor-element-populated\">\n\t\t\t\t\t\t<div class=\"elementor-element elementor-element-7bccfd9 elementor-widget elementor-widget-spacer\" data-id=\"7bccfd9\" data-element_type=\"widget\" data-widget_type=\"spacer.default\">\n\t\t\t\t<div class=\"elementor-widget-container\">\n\t\t\t\t\t\t\t<div class=\"elementor-spacer\">\n\t\t\t<div class=\"elementor-spacer-inner\"><\/div>\n\t\t<\/div>\n\t\t\t\t\t\t<\/div>\n\t\t\t\t<\/div>\n\t\t\t\t\t<\/div>\n\t\t<\/div>\n\t\t\t\t\t<\/div>\n\t\t<\/section>\n\t\t\t\t<\/div>\n\t\t","protected":false},"excerpt":{"rendered":"<p>OPIS TECHNOLOGII Technologia Komfort u\u017cytkowania oraz bardzo wa\u017cna trwa\u0142o\u015b\u0107 konstrukcji dachu p\u0142askiego uzale\u017cniona jest od zr\u00f3\u017cnicowanych czynnik\u00f3w. G\u0142\u00f3wnymi czynnikami warunkuj\u0105cymi bezpieczne u\u017cytkowanie dachu jest odpowiednie umiejscowienie izolacji przeciwwodnej i cieplnej. Na dachach p\u0142askich, o tradycyjnej konstrukcji, izolacja termiczna jest u\u0142o\u017cona bezpo\u015brednio na p\u0142ycie konstrukcyjnej stropu i przykryta warstw\u0105 izolacji przeciwwodnej. Poprzez odizolowanie tej warstwy od &hellip;<\/p>\n<p class=\"read-more\"> <a class=\"\" href=\"https:\/\/eurobau.com.pl\/index.php\/opis-technologii\/\"> <span class=\"screen-reader-text\">Opis technologii<\/span> Read More &raquo;<\/a><\/p>\n","protected":false},"author":1,"featured_media":0,"parent":0,"menu_order":0,"comment_status":"closed","ping_status":"closed","template":"","meta":{"footnotes":""},"class_list":["post-17","page","type-page","status-publish","hentry"],"_links":{"self":[{"href":"https:\/\/eurobau.com.pl\/index.php\/wp-json\/wp\/v2\/pages\/17","targetHints":{"allow":["GET"]}}],"collection":[{"href":"https:\/\/eurobau.com.pl\/index.php\/wp-json\/wp\/v2\/pages"}],"about":[{"href":"https:\/\/eurobau.com.pl\/index.php\/wp-json\/wp\/v2\/types\/page"}],"author":[{"embeddable":true,"href":"https:\/\/eurobau.com.pl\/index.php\/wp-json\/wp\/v2\/users\/1"}],"replies":[{"embeddable":true,"href":"https:\/\/eurobau.com.pl\/index.php\/wp-json\/wp\/v2\/comments?post=17"}],"version-history":[{"count":11,"href":"https:\/\/eurobau.com.pl\/index.php\/wp-json\/wp\/v2\/pages\/17\/revisions"}],"predecessor-version":[{"id":402,"href":"https:\/\/eurobau.com.pl\/index.php\/wp-json\/wp\/v2\/pages\/17\/revisions\/402"}],"wp:attachment":[{"href":"https:\/\/eurobau.com.pl\/index.php\/wp-json\/wp\/v2\/media?parent=17"}],"curies":[{"name":"wp","href":"https:\/\/api.w.org\/{rel}","templated":true}]}}